{"id":47,"date":"2016-03-05T00:13:29","date_gmt":"2016-03-04T23:13:29","guid":{"rendered":"http:\/\/localhost\/dpgov\/wordpress\/?page_id=47"},"modified":"2016-05-11T10:36:32","modified_gmt":"2016-05-11T08:36:32","slug":"les-delegues-a-la-protection-des-donnees","status":"publish","type":"page","link":"https:\/\/www.julienrossi.com\/blog\/les-institutions\/les-delegues-a-la-protection-des-donnees\/","title":{"rendered":"Les d\u00e9l\u00e9gu\u00e9s \u00e0 la protection des donn\u00e9es"},"content":{"rendered":"<p style=\"text-align: justify;\">D\u00e9l\u00e9gu\u00e9s \u00e0 la protection des donn\u00e9es dans la directive, Data Protection Officer en anglais, ou correspondant informatique et libert\u00e9s dans le jargon fran\u00e7ais, ces professionnels b\u00e9n\u00e9ficient dans de nombreux pays d&#8217;un statut de profession r\u00e9glement\u00e9e leur conf\u00e9rant \u00e0 la fois une protection vis-\u00e0-vis de leur employeur pour garantir leur ind\u00e9pendance, et leur imposant certaines contraintes.<\/p>\n<p style=\"text-align: justify;\">Les d\u00e9l\u00e9gu\u00e9s \u00e0 la protection des donn\u00e9es sont regroup\u00e9s dans certains pays au sein d&#8217;organisations professionnelles. Au niveau international, nous pouvons mentionner l&#8217;<a href=\"http:\/\/www.iapp.org\" target=\"_blank\">IAPP<\/a> (International Association of Privacy Professionals). En Europe, <a href=\"http:\/\/www.cedpo.eu\" target=\"_blank\">CEDPO<\/a> (Confederation of European Data Protection Organisations) est une association fond\u00e9e en 2011 regroupant des associations d&#8217;Irlande, de France, d&#8217;Espagne, d&#8217;Autriche, d&#8217;Allemagne, des Pays-Bas et de Pologne. Mais des associations de ce type existent \u00e9galement dans d&#8217;autres pays, comme au Luxembourg et au Royaume-Uni.<\/p>\n","protected":false},"excerpt":{"rendered":"<p>D\u00e9l\u00e9gu\u00e9s \u00e0 la protection des donn\u00e9es dans la directive, Data Protection Officer en anglais, ou correspondant informatique et libert\u00e9s dans le jargon fran\u00e7ais, ces professionnels b\u00e9n\u00e9ficient dans de nombreux pays d&#8217;un statut de profession r\u00e9glement\u00e9e leur conf\u00e9rant \u00e0 la fois&#8230;<\/p>\n","protected":false},"author":1,"featured_media":0,"parent":21,"menu_order":0,"comment_status":"closed","ping_status":"closed","template":"","meta":{"footnotes":""},"class_list":["post-47","page","type-page","status-publish","hentry","no-post-thumbnail"],"_links":{"self":[{"href":"https:\/\/www.julienrossi.com\/blog\/wp-json\/wp\/v2\/pages\/47","targetHints":{"allow":["GET"]}}],"collection":[{"href":"https:\/\/www.julienrossi.com\/blog\/wp-json\/wp\/v2\/pages"}],"about":[{"href":"https:\/\/www.julienrossi.com\/blog\/wp-json\/wp\/v2\/types\/page"}],"author":[{"embeddable":true,"href":"https:\/\/www.julienrossi.com\/blog\/wp-json\/wp\/v2\/users\/1"}],"replies":[{"embeddable":true,"href":"https:\/\/www.julienrossi.com\/blog\/wp-json\/wp\/v2\/comments?post=47"}],"version-history":[{"count":1,"href":"https:\/\/www.julienrossi.com\/blog\/wp-json\/wp\/v2\/pages\/47\/revisions"}],"predecessor-version":[{"id":79,"href":"https:\/\/www.julienrossi.com\/blog\/wp-json\/wp\/v2\/pages\/47\/revisions\/79"}],"up":[{"embeddable":true,"href":"https:\/\/www.julienrossi.com\/blog\/wp-json\/wp\/v2\/pages\/21"}],"wp:attachment":[{"href":"https:\/\/www.julienrossi.com\/blog\/wp-json\/wp\/v2\/media?parent=47"}],"curies":[{"name":"wp","href":"https:\/\/api.w.org\/{rel}","templated":true}]}}