{"id":21,"date":"2016-02-24T22:08:52","date_gmt":"2016-02-24T21:08:52","guid":{"rendered":"http:\/\/localhost\/dpgov\/wordpress\/?page_id=21"},"modified":"2016-02-24T22:08:52","modified_gmt":"2016-02-24T21:08:52","slug":"les-institutions","status":"publish","type":"page","link":"https:\/\/www.julienrossi.com\/blog\/les-institutions\/","title":{"rendered":"Les institutions"},"content":{"rendered":"<p>Les autorit\u00e9s de protection des donn\u00e9es \u00e0 caract\u00e8re personnel, qui sont pr\u00e9vues \u00e0 l&#8217;article 28 de la directive 95\/46\/CE de l&#8217;Union europ\u00e9enne, sont les mailles d&#8217;un r\u00e9seau transgouvernemental qui non seulement met en \u0153uvre les textes mais est \u00e0 l&#8217;origine d&#8217;une part significative de la substance des politiques de protection des donn\u00e9es<sup>1<\/sup>. Etudier et comprendre leur fonctionnement est donc un \u00e9l\u00e9ment indispensable \u00e0 qui veut comprendre les politiques de protection des donn\u00e9es, tant dans leur formulation que dans leur impl\u00e9mentation.<\/p>\n<p>Ces autorit\u00e9s ne fonctionnent cependant pas seules. Si elles se sont mises en r\u00e9seau au niveau international, elles animent souvent au niveau national un r\u00e9seau de professionnels de la protection des donn\u00e9es avec lesquels elles sont en relation. Ces professionnels ont un statut plus ou moins r\u00e9glement\u00e9<sup>2<\/sup>. En France, il s&#8217;agit des correspondants informatique et libert\u00e9, pr\u00e9vus \u00e0 l&#8217;article 22-III de la loi 78-17 du 6 janvier 1978 relative \u00e0 l&#8217;informatique, aux fichiers et aux libert\u00e9s.<\/p>\n<p>Notons \u00e0 des fins d&#8217;exhaustivit\u00e9 que d&#8217;autres institutions peuvent jouer un r\u00f4le comme les organismes priv\u00e9s de certification, les organisations professionnelles (comme la Confederation of European Data Protection Organisations) et agences gouvernementales \u00e0 l&#8217;activit\u00e9 connexe (comme la Commission d&#8217;acc\u00e8s aux documents administratifs, la Commission nationale de contr\u00f4le des techniques de renseignement, ou l&#8217;Agence nationale pour la s\u00e9curit\u00e9 des syst\u00e8mes d&#8217;information en France).<\/p>\n<p>&nbsp;<\/p>\n<p>1 : voir \u00e0 ce sujet : NEWMAN, Abraham. 2008. <em>Protectors of Privacy<\/em> Ithaca:Cornell University Press<br \/>\n2 : voir \u00e0 ce sujet : ROSSI, Julien. 2015 \u00ab Les quatre mod\u00e8les de data protection officer en Europe \u00bb, in : RASLE, Bruno (dir.), 2015, <em>Correspondant informatique et libert\u00e9, bien plus qu&#8217;un m\u00e9tier<\/em>, Paris:AFCDP<\/p>\n","protected":false},"excerpt":{"rendered":"<p>Les autorit\u00e9s de protection des donn\u00e9es \u00e0 caract\u00e8re personnel, qui sont pr\u00e9vues \u00e0 l&#8217;article 28 de la directive 95\/46\/CE de l&#8217;Union europ\u00e9enne, sont les mailles d&#8217;un r\u00e9seau transgouvernemental qui non seulement met en \u0153uvre les textes mais est \u00e0 l&#8217;origine&#8230;<\/p>\n","protected":false},"author":1,"featured_media":0,"parent":0,"menu_order":0,"comment_status":"closed","ping_status":"closed","template":"","meta":{"footnotes":""},"class_list":["post-21","page","type-page","status-publish","hentry","no-post-thumbnail"],"_links":{"self":[{"href":"https:\/\/www.julienrossi.com\/blog\/wp-json\/wp\/v2\/pages\/21","targetHints":{"allow":["GET"]}}],"collection":[{"href":"https:\/\/www.julienrossi.com\/blog\/wp-json\/wp\/v2\/pages"}],"about":[{"href":"https:\/\/www.julienrossi.com\/blog\/wp-json\/wp\/v2\/types\/page"}],"author":[{"embeddable":true,"href":"https:\/\/www.julienrossi.com\/blog\/wp-json\/wp\/v2\/users\/1"}],"replies":[{"embeddable":true,"href":"https:\/\/www.julienrossi.com\/blog\/wp-json\/wp\/v2\/comments?post=21"}],"version-history":[{"count":0,"href":"https:\/\/www.julienrossi.com\/blog\/wp-json\/wp\/v2\/pages\/21\/revisions"}],"wp:attachment":[{"href":"https:\/\/www.julienrossi.com\/blog\/wp-json\/wp\/v2\/media?parent=21"}],"curies":[{"name":"wp","href":"https:\/\/api.w.org\/{rel}","templated":true}]}}