{"id":233,"date":"2017-11-27T11:13:09","date_gmt":"2017-11-27T10:13:09","guid":{"rendered":"http:\/\/www.julienrossi.com\/blog\/?page_id=233"},"modified":"2017-11-27T11:30:46","modified_gmt":"2017-11-27T10:30:46","slug":"mentions-legales","status":"publish","type":"page","link":"http:\/\/www.julienrossi.com\/blog\/mentions-legales\/","title":{"rendered":"Politique de confidentialit\u00e9"},"content":{"rendered":"<p>Normalement vous ne devriez pas pouvoir vous inscrire. Donc me communiquer de donn\u00e9es \u00e0 caract\u00e8re personnel \u00e0 votre sujet.<\/p>\n<p>En termes de cookies, j&#8217;ai demand\u00e9 \u00e0 mon navigateur de me raconter un peu ce qui s&#8217;installe sur votre ordinateur quand vous naviguez sur ce site.<\/p>\n<p>Sur la page d&#8217;accueil (www.julienrossi.com) aucun cookie n&#8217;est d\u00e9pos\u00e9 par moi (les pages sont des pages HTML tout ce qu&#8217;il y a de plus Web 1.0)<\/p>\n<p>Par contre, OVH installe des cookies dont la finalit\u00e9 semble \u00eatre technique :<\/p>\n<p><a href=\"http:\/\/www.julienrossi.com\/blog\/wp-content\/uploads\/2017\/11\/Capture-du-2017-11-27-11-21-53.png\"><img loading=\"lazy\" decoding=\"async\" class=\"aligncenter size-full wp-image-236\" src=\"http:\/\/www.julienrossi.com\/blog\/wp-content\/uploads\/2017\/11\/Capture-du-2017-11-27-11-21-53.png\" alt=\"\" width=\"1281\" height=\"136\" srcset=\"http:\/\/www.julienrossi.com\/blog\/wp-content\/uploads\/2017\/11\/Capture-du-2017-11-27-11-21-53.png 1281w, http:\/\/www.julienrossi.com\/blog\/wp-content\/uploads\/2017\/11\/Capture-du-2017-11-27-11-21-53-300x32.png 300w, http:\/\/www.julienrossi.com\/blog\/wp-content\/uploads\/2017\/11\/Capture-du-2017-11-27-11-21-53-768x82.png 768w, http:\/\/www.julienrossi.com\/blog\/wp-content\/uploads\/2017\/11\/Capture-du-2017-11-27-11-21-53-1024x109.png 1024w\" sizes=\"auto, (max-width: 1281px) 100vw, 1281px\" \/><\/a><\/p>\n<p>Ces cookies s&#8217;installent m\u00eame avec l&#8217;option Do Not Track activ\u00e9e. Ceci dit, lorsque l&#8217;on se connecte \u00e0 mon site en mode \u00ab navigation priv\u00e9e \u00bb sur Firefox, le cookie d&#8217;OVH n&#8217;est pas install\u00e9 :<\/p>\n<p><a href=\"http:\/\/www.julienrossi.com\/blog\/wp-content\/uploads\/2017\/11\/navigationprivee.png\"><img loading=\"lazy\" decoding=\"async\" class=\"aligncenter size-full wp-image-237\" src=\"http:\/\/www.julienrossi.com\/blog\/wp-content\/uploads\/2017\/11\/navigationprivee.png\" alt=\"\" width=\"1032\" height=\"197\" srcset=\"http:\/\/www.julienrossi.com\/blog\/wp-content\/uploads\/2017\/11\/navigationprivee.png 1032w, http:\/\/www.julienrossi.com\/blog\/wp-content\/uploads\/2017\/11\/navigationprivee-300x57.png 300w, http:\/\/www.julienrossi.com\/blog\/wp-content\/uploads\/2017\/11\/navigationprivee-768x147.png 768w, http:\/\/www.julienrossi.com\/blog\/wp-content\/uploads\/2017\/11\/navigationprivee-1024x195.png 1024w\" sizes=\"auto, (max-width: 1032px) 100vw, 1032px\" \/><\/a>Je vous recommande donc la navigation priv\u00e9e pour naviguer sur mon site en \u00e9tant certains de ne rien raconter \u00e0 OVH (\u00e0 part le fait qu&#8217;ils loggent probablement l&#8217;adresse IP et des informations sur votre navigateur dans leurs logs, mais je n&#8217;ai pas plus d&#8217;informations \u00e0 ce sujet).<\/p>\n<p>Cela s&#8217;applique \u00e9galement au blog. A moins que vous n&#8217;ayez un compte (et vous ne devriez pas en avoir) WordPress ne semble pas installer de cookie de session :<\/p>\n<p><a href=\"http:\/\/www.julienrossi.com\/blog\/wp-content\/uploads\/2017\/11\/Capture-du-2017-11-27-11-29-35.png\"><img loading=\"lazy\" decoding=\"async\" class=\"aligncenter size-full wp-image-239\" src=\"http:\/\/www.julienrossi.com\/blog\/wp-content\/uploads\/2017\/11\/Capture-du-2017-11-27-11-29-35.png\" alt=\"\" width=\"1046\" height=\"432\" srcset=\"http:\/\/www.julienrossi.com\/blog\/wp-content\/uploads\/2017\/11\/Capture-du-2017-11-27-11-29-35.png 1046w, http:\/\/www.julienrossi.com\/blog\/wp-content\/uploads\/2017\/11\/Capture-du-2017-11-27-11-29-35-300x124.png 300w, http:\/\/www.julienrossi.com\/blog\/wp-content\/uploads\/2017\/11\/Capture-du-2017-11-27-11-29-35-768x317.png 768w, http:\/\/www.julienrossi.com\/blog\/wp-content\/uploads\/2017\/11\/Capture-du-2017-11-27-11-29-35-1024x423.png 1024w\" sizes=\"auto, (max-width: 1046px) 100vw, 1046px\" \/><\/a><\/p>\n<p>Par ailleurs, je n&#8217;ai pas encore trouv\u00e9 d&#8217;outil de statistiques qui soit respectueux de la vie priv\u00e9e des visiteurs de la page. Si vous en connaissez un, par contre, n&#8217;h\u00e9sitez pas \u00e0 me contacter (julien DOT rossi AT utc DOT fr)<\/p>\n","protected":false},"excerpt":{"rendered":"<p>Normalement vous ne devriez pas pouvoir vous inscrire. Donc me communiquer de donn\u00e9es \u00e0 caract\u00e8re personnel \u00e0 votre sujet. En termes de cookies, j&#8217;ai demand\u00e9 \u00e0 mon navigateur de me raconter un peu ce qui s&#8217;installe sur votre ordinateur quand&#8230;<\/p>\n","protected":false},"author":1,"featured_media":0,"parent":0,"menu_order":0,"comment_status":"closed","ping_status":"closed","template":"","meta":{"footnotes":""},"class_list":["post-233","page","type-page","status-publish","hentry","no-post-thumbnail"],"_links":{"self":[{"href":"http:\/\/www.julienrossi.com\/blog\/wp-json\/wp\/v2\/pages\/233","targetHints":{"allow":["GET"]}}],"collection":[{"href":"http:\/\/www.julienrossi.com\/blog\/wp-json\/wp\/v2\/pages"}],"about":[{"href":"http:\/\/www.julienrossi.com\/blog\/wp-json\/wp\/v2\/types\/page"}],"author":[{"embeddable":true,"href":"http:\/\/www.julienrossi.com\/blog\/wp-json\/wp\/v2\/users\/1"}],"replies":[{"embeddable":true,"href":"http:\/\/www.julienrossi.com\/blog\/wp-json\/wp\/v2\/comments?post=233"}],"version-history":[{"count":4,"href":"http:\/\/www.julienrossi.com\/blog\/wp-json\/wp\/v2\/pages\/233\/revisions"}],"predecessor-version":[{"id":240,"href":"http:\/\/www.julienrossi.com\/blog\/wp-json\/wp\/v2\/pages\/233\/revisions\/240"}],"wp:attachment":[{"href":"http:\/\/www.julienrossi.com\/blog\/wp-json\/wp\/v2\/media?parent=233"}],"curies":[{"name":"wp","href":"https:\/\/api.w.org\/{rel}","templated":true}]}}